{"id":431,"date":"2022-08-20T16:18:28","date_gmt":"2022-08-20T14:18:28","guid":{"rendered":"https:\/\/amedialuztango.com\/?page_id=431"},"modified":"2022-09-03T09:25:58","modified_gmt":"2022-09-03T07:25:58","slug":"christine-caminade","status":"publish","type":"page","link":"https:\/\/amedialuztango.com\/index.php\/christine-caminade\/","title":{"rendered":"Christine Caminade"},"content":{"rendered":"\t\t<div data-elementor-type=\"wp-page\" data-elementor-id=\"431\" class=\"elementor elementor-431\">\n\t\t\t\t\t\t<section class=\"elementor-section elementor-top-section elementor-element elementor-element-104a067 elementor-section-boxed elementor-section-height-default elementor-section-height-default\" data-id=\"104a067\" data-element_type=\"section\">\n\t\t\t\t\t\t<div class=\"elementor-container elementor-column-gap-default\">\n\t\t\t\t\t<div class=\"elementor-column elementor-col-100 elementor-top-column elementor-element elementor-element-29bd797\" data-id=\"29bd797\" data-element_type=\"column\">\n\t\t\t<div class=\"elementor-widget-wrap elementor-element-populated\">\n\t\t\t\t\t\t<div class=\"elementor-element elementor-element-ac98842 elementor-widget elementor-widget-text-editor\" data-id=\"ac98842\" data-element_type=\"widget\" data-widget_type=\"text-editor.default\">\n\t\t\t\t<div class=\"elementor-widget-container\">\n\t\t\t\t\t\t\t\t\t<p><strong>Le tango argentin dans ma vie \u2026<\/strong><\/p><p>Le tango argentin est avant tout li\u00e9 \u00e0 une rencontre humaine avec Rodolfo Dinzel , \u00a0auteur du livre \u00ab\u00a0Le tango &#8230; Cette anxieuse recherche de la libert\u00e9\u00a0\u00bb\u00a0 avec qui je me forme \u00e0 Paris (tango et th\u00e9atre)\u00a0 et \u00e0 Buenos Aires de 1996 \u00e0 1999. Tout d&rsquo;abord attir\u00e9e par la th\u00e9atralisation de cette danse , je me tourne tr\u00e9s vite vers son int\u00e9riorit\u00e9 et son intimit\u00e9. J&rsquo;axe ma recherche autour de la relation , la connexion, le partage de l&rsquo;\u00e9quilibre et l&rsquo;\u00e9coute.<\/p><p><strong>De l&rsquo;apprentissage \u00e0 la transmission \u2026<\/strong><\/p><p>J&rsquo;enseigne depuis les ann\u00e9es 2000 avec Laurent de Chanterac, partenaire de c\u0153ur en France et \u00e0 l&rsquo;\u00e9tranger. Ma p\u00e9dagogie est nourrie de diff\u00e9rents outils puis\u00e9s notamment dans la technique Matthias Alexander et dans mon parcours th\u00e9\u00e2tral. J&rsquo;interviens \u00e9galement comme formatrice:<\/p><ul><li>Aupr\u00e8s des acteurs en d\u00e9veloppant des s\u00e9minaires autour du tango et l&rsquo;\u00e9coute , \u00ab la pr\u00e9sence &#8230;un mouvement infini . \u00bb.( Ecole de Th\u00e9atre Pierre debauche ) en 2021<\/li><li>Aupr\u00e8s de managers sur la posture manageriale ( ASEI)<\/li><li>Aupr\u00e8s d&rsquo;universitaires sur la p\u00e9dagogie de l&rsquo;\u00e9coute \u2026Centrale des IUT ( Noirmoutiers)<\/li><\/ul><p>Le tango devient un pr\u00e9texte pour aller \u00e0 la rencontre du corps, accompagner les personnes vers un mouvement fluide, global, plus libre tout en les invitant \u00e0 se connecter \u00e0 leur propre intimit\u00e9.<\/p><p>Je me consacre aujourd\u2019hui \u00e0 ma nouvelle cr\u00e9ation th\u00e9\u00e2trale, me forme \u00e0 la technique Alexander et musicalise les soir\u00e9es de la milonga Dos \u00e0 Toulouse.<\/p><p><strong>DJ<\/strong><\/p><p>Je musicalise des milongas hebdomadaires dans diff\u00e9rents lieux de Toulouse depuis les ann\u00e9es 2000.<br \/>En 2017, je participe au festival Artefacto \u00e0 Albi et au festival de Tarbes.<br \/>Je me plais \u00e0 raconter des histoires, \u00e0 suivre l&rsquo;\u00e9nergie et la fluidit\u00e9 d&rsquo;un bal , \u00e0 jouer avec les \u00e9poques &#8230;<br \/>Pour moi, musicaliser appelle un engagement personnel, une certaine cr\u00e9ativit\u00e9.<\/p><p>\u00ab\u00a0C&rsquo;est jubilatoire lorsque le choix musical va rentrer en r\u00e9sonance avec l&rsquo;\u00e9nergie et l&rsquo;envie des danseurs.\u00a0\u00bb<\/p><p><a href=\"https:\/\/christinecaminade.fr\/\">Site de Christine Caminade<\/a><\/p>\t\t\t\t\t\t\t\t<\/div>\n\t\t\t\t<\/div>\n\t\t\t\t\t<\/div>\n\t\t<\/div>\n\t\t\t\t\t<\/div>\n\t\t<\/section>\n\t\t\t\t<\/div>\n\t\t","protected":false},"excerpt":{"rendered":"<p>Le tango argentin dans ma vie \u2026 Le tango argentin est avant tout li\u00e9 \u00e0 une rencontre humaine avec Rodolfo Dinzel , \u00a0auteur du livre \u00ab\u00a0Le tango &#8230; Cette anxieuse recherche de la libert\u00e9\u00a0\u00bb\u00a0 avec qui je me forme \u00e0 Paris (tango et th\u00e9atre)\u00a0 et \u00e0 Buenos Aires de 1996 \u00e0 1999. Tout d&rsquo;abord attir\u00e9e &hellip; <\/p>\n<p class=\"link-more\"><a href=\"https:\/\/amedialuztango.com\/index.php\/christine-caminade\/\" class=\"more-link\">Lire la suite de<span class=\"screen-reader-text\">\u00ab\u00a0Christine Caminade\u00a0\u00bb<\/span><\/a><\/p>\n","protected":false},"author":1,"featured_media":0,"parent":0,"menu_order":0,"comment_status":"closed","ping_status":"closed","template":"","meta":{"footnotes":""},"class_list":["post-431","page","type-page","status-publish","hentry"],"yoast_head":"<!-- This site is optimized with the Yoast SEO plugin v24.7 - https:\/\/yoast.com\/wordpress\/plugins\/seo\/ -->\n<title>Christine Caminade - A Media Luz<\/title>\n<meta name=\"robots\" content=\"index, follow, max-snippet:-1, max-image-preview:large, max-video-preview:-1\" \/>\n<link rel=\"canonical\" href=\"https:\/\/amedialuztango.com\/index.php\/christine-caminade\/\" \/>\n<meta property=\"og:locale\" content=\"fr_FR\" \/>\n<meta property=\"og:type\" content=\"article\" \/>\n<meta property=\"og:title\" content=\"Christine Caminade - A Media Luz\" \/>\n<meta property=\"og:description\" content=\"Le tango argentin dans ma vie \u2026 Le tango argentin est avant tout li\u00e9 \u00e0 une rencontre humaine avec Rodolfo Dinzel , \u00a0auteur du livre \u00ab\u00a0Le tango &#8230; Cette anxieuse recherche de la libert\u00e9\u00a0\u00bb\u00a0 avec qui je me forme \u00e0 Paris (tango et th\u00e9atre)\u00a0 et \u00e0 Buenos Aires de 1996 \u00e0 1999. Tout d&rsquo;abord attir\u00e9e &hellip; Lire la suite de\u00ab\u00a0Christine Caminade\u00a0\u00bb\" \/>\n<meta property=\"og:url\" content=\"https:\/\/amedialuztango.com\/index.php\/christine-caminade\/\" \/>\n<meta property=\"og:site_name\" content=\"A Media Luz\" \/>\n<meta property=\"article:publisher\" content=\"https:\/\/www.facebook.com\/amedialuztango\/?locale=fr_FR\" \/>\n<meta property=\"article:modified_time\" content=\"2022-09-03T07:25:58+00:00\" \/>\n<meta name=\"twitter:card\" content=\"summary_large_image\" \/>\n<meta name=\"twitter:label1\" content=\"Dur\u00e9e de lecture estim\u00e9e\" \/>\n\t<meta name=\"twitter:data1\" content=\"2 minutes\" \/>\n<script type=\"application\/ld+json\" class=\"yoast-schema-graph\">{\"@context\":\"https:\/\/schema.org\",\"@graph\":[{\"@type\":\"WebPage\",\"@id\":\"https:\/\/amedialuztango.com\/index.php\/christine-caminade\/\",\"url\":\"https:\/\/amedialuztango.com\/index.php\/christine-caminade\/\",\"name\":\"Christine Caminade - A Media Luz\",\"isPartOf\":{\"@id\":\"https:\/\/amedialuztango.com\/#website\"},\"datePublished\":\"2022-08-20T14:18:28+00:00\",\"dateModified\":\"2022-09-03T07:25:58+00:00\",\"breadcrumb\":{\"@id\":\"https:\/\/amedialuztango.com\/index.php\/christine-caminade\/#breadcrumb\"},\"inLanguage\":\"fr-FR\",\"potentialAction\":[{\"@type\":\"ReadAction\",\"target\":[\"https:\/\/amedialuztango.com\/index.php\/christine-caminade\/\"]}]},{\"@type\":\"BreadcrumbList\",\"@id\":\"https:\/\/amedialuztango.com\/index.php\/christine-caminade\/#breadcrumb\",\"itemListElement\":[{\"@type\":\"ListItem\",\"position\":1,\"name\":\"Accueil\",\"item\":\"https:\/\/amedialuztango.com\/\"},{\"@type\":\"ListItem\",\"position\":2,\"name\":\"Christine Caminade\"}]},{\"@type\":\"WebSite\",\"@id\":\"https:\/\/amedialuztango.com\/#website\",\"url\":\"https:\/\/amedialuztango.com\/\",\"name\":\"A Media Luz\",\"description\":\"Tango Argentin Toulouse Roquettes\",\"publisher\":{\"@id\":\"https:\/\/amedialuztango.com\/#organization\"},\"potentialAction\":[{\"@type\":\"SearchAction\",\"target\":{\"@type\":\"EntryPoint\",\"urlTemplate\":\"https:\/\/amedialuztango.com\/?s={search_term_string}\"},\"query-input\":{\"@type\":\"PropertyValueSpecification\",\"valueRequired\":true,\"valueName\":\"search_term_string\"}}],\"inLanguage\":\"fr-FR\"},{\"@type\":\"Organization\",\"@id\":\"https:\/\/amedialuztango.com\/#organization\",\"name\":\"A Media Luz Tango\",\"url\":\"https:\/\/amedialuztango.com\/\",\"logo\":{\"@type\":\"ImageObject\",\"inLanguage\":\"fr-FR\",\"@id\":\"https:\/\/amedialuztango.com\/#\/schema\/logo\/image\/\",\"url\":\"https:\/\/amedialuztango.com\/wp-content\/uploads\/2023\/09\/LOGO-A-MEDIA-LUZ.jpg\",\"contentUrl\":\"https:\/\/amedialuztango.com\/wp-content\/uploads\/2023\/09\/LOGO-A-MEDIA-LUZ.jpg\",\"width\":554,\"height\":1000,\"caption\":\"A Media Luz Tango\"},\"image\":{\"@id\":\"https:\/\/amedialuztango.com\/#\/schema\/logo\/image\/\"},\"sameAs\":[\"https:\/\/www.facebook.com\/amedialuztango\/?locale=fr_FR\"]}]}<\/script>\n<!-- \/ Yoast SEO plugin. -->","yoast_head_json":{"title":"Christine Caminade - A Media Luz","robots":{"index":"index","follow":"follow","max-snippet":"max-snippet:-1","max-image-preview":"max-image-preview:large","max-video-preview":"max-video-preview:-1"},"canonical":"https:\/\/amedialuztango.com\/index.php\/christine-caminade\/","og_locale":"fr_FR","og_type":"article","og_title":"Christine Caminade - A Media Luz","og_description":"Le tango argentin dans ma vie \u2026 Le tango argentin est avant tout li\u00e9 \u00e0 une rencontre humaine avec Rodolfo Dinzel , \u00a0auteur du livre \u00ab\u00a0Le tango &#8230; Cette anxieuse recherche de la libert\u00e9\u00a0\u00bb\u00a0 avec qui je me forme \u00e0 Paris (tango et th\u00e9atre)\u00a0 et \u00e0 Buenos Aires de 1996 \u00e0 1999. Tout d&rsquo;abord attir\u00e9e &hellip; Lire la suite de\u00ab\u00a0Christine Caminade\u00a0\u00bb","og_url":"https:\/\/amedialuztango.com\/index.php\/christine-caminade\/","og_site_name":"A Media Luz","article_publisher":"https:\/\/www.facebook.com\/amedialuztango\/?locale=fr_FR","article_modified_time":"2022-09-03T07:25:58+00:00","twitter_card":"summary_large_image","twitter_misc":{"Dur\u00e9e de lecture estim\u00e9e":"2 minutes"},"schema":{"@context":"https:\/\/schema.org","@graph":[{"@type":"WebPage","@id":"https:\/\/amedialuztango.com\/index.php\/christine-caminade\/","url":"https:\/\/amedialuztango.com\/index.php\/christine-caminade\/","name":"Christine Caminade - A Media Luz","isPartOf":{"@id":"https:\/\/amedialuztango.com\/#website"},"datePublished":"2022-08-20T14:18:28+00:00","dateModified":"2022-09-03T07:25:58+00:00","breadcrumb":{"@id":"https:\/\/amedialuztango.com\/index.php\/christine-caminade\/#breadcrumb"},"inLanguage":"fr-FR","potentialAction":[{"@type":"ReadAction","target":["https:\/\/amedialuztango.com\/index.php\/christine-caminade\/"]}]},{"@type":"BreadcrumbList","@id":"https:\/\/amedialuztango.com\/index.php\/christine-caminade\/#breadcrumb","itemListElement":[{"@type":"ListItem","position":1,"name":"Accueil","item":"https:\/\/amedialuztango.com\/"},{"@type":"ListItem","position":2,"name":"Christine Caminade"}]},{"@type":"WebSite","@id":"https:\/\/amedialuztango.com\/#website","url":"https:\/\/amedialuztango.com\/","name":"A Media Luz","description":"Tango Argentin Toulouse Roquettes","publisher":{"@id":"https:\/\/amedialuztango.com\/#organization"},"potentialAction":[{"@type":"SearchAction","target":{"@type":"EntryPoint","urlTemplate":"https:\/\/amedialuztango.com\/?s={search_term_string}"},"query-input":{"@type":"PropertyValueSpecification","valueRequired":true,"valueName":"search_term_string"}}],"inLanguage":"fr-FR"},{"@type":"Organization","@id":"https:\/\/amedialuztango.com\/#organization","name":"A Media Luz Tango","url":"https:\/\/amedialuztango.com\/","logo":{"@type":"ImageObject","inLanguage":"fr-FR","@id":"https:\/\/amedialuztango.com\/#\/schema\/logo\/image\/","url":"https:\/\/amedialuztango.com\/wp-content\/uploads\/2023\/09\/LOGO-A-MEDIA-LUZ.jpg","contentUrl":"https:\/\/amedialuztango.com\/wp-content\/uploads\/2023\/09\/LOGO-A-MEDIA-LUZ.jpg","width":554,"height":1000,"caption":"A Media Luz Tango"},"image":{"@id":"https:\/\/amedialuztango.com\/#\/schema\/logo\/image\/"},"sameAs":["https:\/\/www.facebook.com\/amedialuztango\/?locale=fr_FR"]}]}},"_links":{"self":[{"href":"https:\/\/amedialuztango.com\/index.php\/wp-json\/wp\/v2\/pages\/431","targetHints":{"allow":["GET"]}}],"collection":[{"href":"https:\/\/amedialuztango.com\/index.php\/wp-json\/wp\/v2\/pages"}],"about":[{"href":"https:\/\/amedialuztango.com\/index.php\/wp-json\/wp\/v2\/types\/page"}],"author":[{"embeddable":true,"href":"https:\/\/amedialuztango.com\/index.php\/wp-json\/wp\/v2\/users\/1"}],"replies":[{"embeddable":true,"href":"https:\/\/amedialuztango.com\/index.php\/wp-json\/wp\/v2\/comments?post=431"}],"version-history":[{"count":13,"href":"https:\/\/amedialuztango.com\/index.php\/wp-json\/wp\/v2\/pages\/431\/revisions"}],"predecessor-version":[{"id":471,"href":"https:\/\/amedialuztango.com\/index.php\/wp-json\/wp\/v2\/pages\/431\/revisions\/471"}],"wp:attachment":[{"href":"https:\/\/amedialuztango.com\/index.php\/wp-json\/wp\/v2\/media?parent=431"}],"curies":[{"name":"wp","href":"https:\/\/api.w.org\/{rel}","templated":true}]}}