{"id":122,"date":"2022-08-17T11:53:32","date_gmt":"2022-08-17T09:53:32","guid":{"rendered":"https:\/\/amedialuztango.com\/?page_id=122"},"modified":"2025-03-25T10:27:54","modified_gmt":"2025-03-25T09:27:54","slug":"contact-a-media-luz-tango-argentin-toulouse-roquettes-danse","status":"publish","type":"page","link":"https:\/\/amedialuztango.com\/index.php\/contact-a-media-luz-tango-argentin-toulouse-roquettes-danse\/","title":{"rendered":"Contact"},"content":{"rendered":"\t\t<div data-elementor-type=\"wp-page\" data-elementor-id=\"122\" class=\"elementor elementor-122\">\n\t\t\t\t\t\t<section class=\"elementor-section elementor-top-section elementor-element elementor-element-87e55e5 elementor-section-boxed elementor-section-height-default elementor-section-height-default\" data-id=\"87e55e5\" data-element_type=\"section\">\n\t\t\t\t\t\t<div class=\"elementor-container elementor-column-gap-default\">\n\t\t\t\t\t<div class=\"elementor-column elementor-col-100 elementor-top-column elementor-element elementor-element-adf055e\" data-id=\"adf055e\" data-element_type=\"column\">\n\t\t\t<div class=\"elementor-widget-wrap elementor-element-populated\">\n\t\t\t\t\t\t<div class=\"elementor-element elementor-element-e8ee403 elementor-widget elementor-widget-text-editor\" data-id=\"e8ee403\" data-element_type=\"widget\" data-widget_type=\"text-editor.default\">\n\t\t\t\t<div class=\"elementor-widget-container\">\n\t\t\t\t\t\t\t\t\t<p>Vous souhaitez des informations suppl\u00e9mentaires \u00e0 propos des cours de tango argentin \u00e0 Toulouse et Roquettes ou bien au sujet des milongas: n&rsquo;h\u00e9sitez pas \u00e0 remplir le formulaire ci-dessous ou bien \u00e0 nous contacter par t\u00e9l\u00e9phone ou par mail.<\/p>\t\t\t\t\t\t\t\t<\/div>\n\t\t\t\t<\/div>\n\t\t\t\t\t<\/div>\n\t\t<\/div>\n\t\t\t\t\t<\/div>\n\t\t<\/section>\n\t\t\t\t<section class=\"elementor-section elementor-top-section elementor-element elementor-element-9f2c69e elementor-section-boxed elementor-section-height-default elementor-section-height-default\" data-id=\"9f2c69e\" data-element_type=\"section\">\n\t\t\t\t\t\t<div class=\"elementor-container elementor-column-gap-default\">\n\t\t\t\t\t<div class=\"elementor-column elementor-col-33 elementor-top-column elementor-element elementor-element-9f6584d\" data-id=\"9f6584d\" data-element_type=\"column\">\n\t\t\t<div class=\"elementor-widget-wrap elementor-element-populated\">\n\t\t\t\t\t\t<div class=\"elementor-element elementor-element-60c8b60 elementor-view-default elementor-position-top elementor-mobile-position-top elementor-widget elementor-widget-icon-box\" data-id=\"60c8b60\" data-element_type=\"widget\" data-widget_type=\"icon-box.default\">\n\t\t\t\t<div class=\"elementor-widget-container\">\n\t\t\t\t\t\t\t<div class=\"elementor-icon-box-wrapper\">\n\n\t\t\t\t\t\t<div class=\"elementor-icon-box-icon\">\n\t\t\t\t<span  class=\"elementor-icon\">\n\t\t\t\t<i aria-hidden=\"true\" class=\"fas fa-phone-alt\"><\/i>\t\t\t\t<\/span>\n\t\t\t<\/div>\n\t\t\t\n\t\t\t\t\t\t<div class=\"elementor-icon-box-content\">\n\n\t\t\t\t\t\t\t\t\t<h4 class=\"elementor-icon-box-title\">\n\t\t\t\t\t\t<span  >\n\t\t\t\t\t\t\t0677095911\t\t\t\t\t\t<\/span>\n\t\t\t\t\t<\/h4>\n\t\t\t\t\n\t\t\t\t\n\t\t\t<\/div>\n\t\t\t\n\t\t<\/div>\n\t\t\t\t\t\t<\/div>\n\t\t\t\t<\/div>\n\t\t\t\t<div class=\"elementor-element elementor-element-9f748da elementor-view-default elementor-position-top elementor-mobile-position-top elementor-widget elementor-widget-icon-box\" data-id=\"9f748da\" data-element_type=\"widget\" data-widget_type=\"icon-box.default\">\n\t\t\t\t<div class=\"elementor-widget-container\">\n\t\t\t\t\t\t\t<div class=\"elementor-icon-box-wrapper\">\n\n\t\t\t\t\t\t<div class=\"elementor-icon-box-icon\">\n\t\t\t\t<span  class=\"elementor-icon\">\n\t\t\t\t<i aria-hidden=\"true\" class=\"far fa-envelope\"><\/i>\t\t\t\t<\/span>\n\t\t\t<\/div>\n\t\t\t\n\t\t\t\t\t\t<div class=\"elementor-icon-box-content\">\n\n\t\t\t\t\t\t\t\t\t<h4 class=\"elementor-icon-box-title\">\n\t\t\t\t\t\t<span  >\n\t\t\t\t\t\t\tchristinecaminade@orange.fr\t\t\t\t\t\t<\/span>\n\t\t\t\t\t<\/h4>\n\t\t\t\t\n\t\t\t\t\t\t\t\t\t<p class=\"elementor-icon-box-description\">\n\t\t\t\t\t\tchristinecaminade@orange.fr\t\t\t\t\t<\/p>\n\t\t\t\t\n\t\t\t<\/div>\n\t\t\t\n\t\t<\/div>\n\t\t\t\t\t\t<\/div>\n\t\t\t\t<\/div>\n\t\t\t\t<div class=\"elementor-element elementor-element-783937a elementor-shape-rounded elementor-grid-0 e-grid-align-center elementor-widget elementor-widget-social-icons\" data-id=\"783937a\" data-element_type=\"widget\" data-widget_type=\"social-icons.default\">\n\t\t\t\t<div class=\"elementor-widget-container\">\n\t\t\t\t\t\t\t<div class=\"elementor-social-icons-wrapper elementor-grid\">\n\t\t\t\t\t\t\t<span class=\"elementor-grid-item\">\n\t\t\t\t\t<a class=\"elementor-icon elementor-social-icon elementor-social-icon-facebook elementor-repeater-item-b0c3a47\" href=\"https:\/\/www.facebook.com\/amedialuztango\/?locale=fr_FR\" target=\"_blank\">\n\t\t\t\t\t\t<span class=\"elementor-screen-only\">Facebook<\/span>\n\t\t\t\t\t\t<i aria-hidden=\"true\" class=\"fab fa-facebook\"><\/i>\t\t\t\t\t<\/a>\n\t\t\t\t<\/span>\n\t\t\t\t\t<\/div>\n\t\t\t\t\t\t<\/div>\n\t\t\t\t<\/div>\n\t\t\t\t<div class=\"elementor-element elementor-element-8e363e9 elementor-widget elementor-widget-image\" data-id=\"8e363e9\" data-element_type=\"widget\" data-widget_type=\"image.default\">\n\t\t\t\t<div class=\"elementor-widget-container\">\n\t\t\t\t\t\t\t\t\t\t\t\t\t\t\t\t<a href=\"https:\/\/amedialuztango.com\/\">\n\t\t\t\t\t\t\t<img fetchpriority=\"high\" decoding=\"async\" width=\"554\" height=\"1000\" src=\"https:\/\/amedialuztango.com\/wp-content\/uploads\/2022\/08\/cropped-LOGO-A-MEDIA-LUZ.jpg\" class=\"attachment-large size-large wp-image-125\" alt=\"\" srcset=\"https:\/\/amedialuztango.com\/wp-content\/uploads\/2022\/08\/cropped-LOGO-A-MEDIA-LUZ.jpg 554w, https:\/\/amedialuztango.com\/wp-content\/uploads\/2022\/08\/cropped-LOGO-A-MEDIA-LUZ-166x300.jpg 166w\" sizes=\"100vw\" \/>\t\t\t\t\t\t\t\t<\/a>\n\t\t\t\t\t\t\t\t\t\t\t\t\t\t\t<\/div>\n\t\t\t\t<\/div>\n\t\t\t\t\t<\/div>\n\t\t<\/div>\n\t\t\t\t<div class=\"elementor-column elementor-col-66 elementor-top-column elementor-element elementor-element-27e3751\" data-id=\"27e3751\" data-element_type=\"column\">\n\t\t\t<div class=\"elementor-widget-wrap elementor-element-populated\">\n\t\t\t\t\t\t<div class=\"elementor-element elementor-element-e7bfc93 elementor-widget elementor-widget-text-editor\" data-id=\"e7bfc93\" data-element_type=\"widget\" data-widget_type=\"text-editor.default\">\n\t\t\t\t<div class=\"elementor-widget-container\">\n\t\t\t\t\t\t\t\t\t<p><strong>\n<div class=\"wpcf7 no-js\" id=\"wpcf7-f188-o1\" lang=\"fr-FR\" dir=\"ltr\" data-wpcf7-id=\"188\">\n<div class=\"screen-reader-response\"><p role=\"status\" aria-live=\"polite\" aria-atomic=\"true\"><\/p> <ul><\/ul><\/div>\n<form action=\"\/index.php\/wp-json\/wp\/v2\/pages\/122#wpcf7-f188-o1\" method=\"post\" class=\"wpcf7-form init\" aria-label=\"Formulaire de contact\" novalidate=\"novalidate\" data-status=\"init\">\n<fieldset class=\"hidden-fields-container\"><input type=\"hidden\" name=\"_wpcf7\" value=\"188\" \/><input type=\"hidden\" name=\"_wpcf7_version\" value=\"6.1.4\" \/><input type=\"hidden\" name=\"_wpcf7_locale\" value=\"fr_FR\" \/><input type=\"hidden\" name=\"_wpcf7_unit_tag\" value=\"wpcf7-f188-o1\" \/><input type=\"hidden\" name=\"_wpcf7_container_post\" value=\"0\" \/><input type=\"hidden\" name=\"_wpcf7_posted_data_hash\" value=\"\" \/>\n<\/fieldset>\n<p><label> Votre nom<br \/>\n<span class=\"wpcf7-form-control-wrap\" data-name=\"your-name\"><input size=\"40\" maxlength=\"400\" class=\"wpcf7-form-control wpcf7-text wpcf7-validates-as-required\" aria-required=\"true\" aria-invalid=\"false\" value=\"\" type=\"text\" name=\"your-name\" \/><\/span> <\/label>\n<\/p>\n<p><label> Votre e-mail<br \/>\n<span class=\"wpcf7-form-control-wrap\" data-name=\"your-email\"><input size=\"40\" maxlength=\"400\" class=\"wpcf7-form-control wpcf7-email wpcf7-validates-as-required wpcf7-text wpcf7-validates-as-email\" aria-required=\"true\" aria-invalid=\"false\" value=\"\" type=\"email\" name=\"your-email\" \/><\/span> <\/label>\n<\/p>\n<p><label> Objet<br \/>\n<span class=\"wpcf7-form-control-wrap\" data-name=\"your-subject\"><input size=\"40\" maxlength=\"400\" class=\"wpcf7-form-control wpcf7-text wpcf7-validates-as-required\" aria-required=\"true\" aria-invalid=\"false\" value=\"\" type=\"text\" name=\"your-subject\" \/><\/span> <\/label>\n<\/p>\n<p><label> Votre message (facultatif)<br \/>\n<span class=\"wpcf7-form-control-wrap\" data-name=\"your-message\"><textarea cols=\"40\" rows=\"10\" maxlength=\"2000\" class=\"wpcf7-form-control wpcf7-textarea\" aria-invalid=\"false\" name=\"your-message\"><\/textarea><\/span> <\/label>\n<\/p>\n<p><span class=\"wpcf7-form-control-wrap\" data-name=\"checkbox-56\"><span class=\"wpcf7-form-control wpcf7-checkbox wpcf7-validates-as-required\"><span class=\"wpcf7-list-item first last\"><span class=\"wpcf7-list-item-label\">Je ne suis pas un atomate<\/span><input type=\"checkbox\" name=\"checkbox-56[]\" value=\"Je ne suis pas un atomate\" \/><\/span><\/span><\/span>\n<\/p>\n<p><input class=\"wpcf7-form-control wpcf7-submit has-spinner\" type=\"submit\" value=\"Envoyer\" \/>\n<\/p><div class=\"wpcf7-response-output\" aria-hidden=\"true\"><\/div>\n<\/form>\n<\/div>\n<\/strong><\/p>\t\t\t\t\t\t\t\t<\/div>\n\t\t\t\t<\/div>\n\t\t\t\t\t<\/div>\n\t\t<\/div>\n\t\t\t\t\t<\/div>\n\t\t<\/section>\n\t\t\t\t<section class=\"elementor-section elementor-top-section elementor-element elementor-element-7b4ba63 elementor-section-boxed elementor-section-height-default elementor-section-height-default\" data-id=\"7b4ba63\" data-element_type=\"section\">\n\t\t\t\t\t\t<div class=\"elementor-container elementor-column-gap-default\">\n\t\t\t\t\t<div class=\"elementor-column elementor-col-50 elementor-top-column elementor-element elementor-element-d3088fc\" data-id=\"d3088fc\" data-element_type=\"column\">\n\t\t\t<div class=\"elementor-widget-wrap elementor-element-populated\">\n\t\t\t\t\t\t<div class=\"elementor-element elementor-element-dcf90b8 elementor-widget elementor-widget-image\" data-id=\"dcf90b8\" data-element_type=\"widget\" data-widget_type=\"image.default\">\n\t\t\t\t<div class=\"elementor-widget-container\">\n\t\t\t\t\t\t\t\t\t\t\t\t\t\t\t<img decoding=\"async\" width=\"950\" height=\"631\" src=\"https:\/\/amedialuztango.com\/wp-content\/uploads\/2022\/08\/TANGO-ARGENTIN-A-MEDIA-LUZ-CHRISTINE-CAMINADE-LAURENT-DECHANTERAC-TOULOUSE-ROQUETTES-OCCITANIE-HAUTE-GARONNE-DANSE-SPECTABLE-BAL-MILONGAS-BUENOS-AIRES-ARGENTINE-108NB.jpg\" class=\"attachment-large size-large wp-image-102\" alt=\"\" srcset=\"https:\/\/amedialuztango.com\/wp-content\/uploads\/2022\/08\/TANGO-ARGENTIN-A-MEDIA-LUZ-CHRISTINE-CAMINADE-LAURENT-DECHANTERAC-TOULOUSE-ROQUETTES-OCCITANIE-HAUTE-GARONNE-DANSE-SPECTABLE-BAL-MILONGAS-BUENOS-AIRES-ARGENTINE-108NB.jpg 1000w, https:\/\/amedialuztango.com\/wp-content\/uploads\/2022\/08\/TANGO-ARGENTIN-A-MEDIA-LUZ-CHRISTINE-CAMINADE-LAURENT-DECHANTERAC-TOULOUSE-ROQUETTES-OCCITANIE-HAUTE-GARONNE-DANSE-SPECTABLE-BAL-MILONGAS-BUENOS-AIRES-ARGENTINE-108NB-300x199.jpg 300w, https:\/\/amedialuztango.com\/wp-content\/uploads\/2022\/08\/TANGO-ARGENTIN-A-MEDIA-LUZ-CHRISTINE-CAMINADE-LAURENT-DECHANTERAC-TOULOUSE-ROQUETTES-OCCITANIE-HAUTE-GARONNE-DANSE-SPECTABLE-BAL-MILONGAS-BUENOS-AIRES-ARGENTINE-108NB-768x510.jpg 768w\" sizes=\"100vw\" \/>\t\t\t\t\t\t\t\t\t\t\t\t\t\t\t<\/div>\n\t\t\t\t<\/div>\n\t\t\t\t\t<\/div>\n\t\t<\/div>\n\t\t\t\t<div class=\"elementor-column elementor-col-50 elementor-top-column elementor-element elementor-element-4eb9184\" data-id=\"4eb9184\" data-element_type=\"column\">\n\t\t\t<div class=\"elementor-widget-wrap elementor-element-populated\">\n\t\t\t\t\t\t<div class=\"elementor-element elementor-element-39f0043 elementor-widget elementor-widget-image\" data-id=\"39f0043\" data-element_type=\"widget\" data-widget_type=\"image.default\">\n\t\t\t\t<div class=\"elementor-widget-container\">\n\t\t\t\t\t\t\t\t\t\t\t\t\t\t\t<img decoding=\"async\" width=\"950\" height=\"629\" src=\"https:\/\/amedialuztango.com\/wp-content\/uploads\/2022\/08\/TANGO-ARGENTIN-A-MEDIA-LUZ-CHRISTINE-CAMINADE-LAURENT-DECHANTERAC-TOULOUSE-ROQUETTES-OCCITANIE-HAUTE-GARONNE-DANSE-SPECTABLE-BAL-MILONGAS-BUENOS-AIRES-ARGENTINE-69NB.jpg\" class=\"attachment-large size-large wp-image-58\" alt=\"\" srcset=\"https:\/\/amedialuztango.com\/wp-content\/uploads\/2022\/08\/TANGO-ARGENTIN-A-MEDIA-LUZ-CHRISTINE-CAMINADE-LAURENT-DECHANTERAC-TOULOUSE-ROQUETTES-OCCITANIE-HAUTE-GARONNE-DANSE-SPECTABLE-BAL-MILONGAS-BUENOS-AIRES-ARGENTINE-69NB.jpg 1000w, https:\/\/amedialuztango.com\/wp-content\/uploads\/2022\/08\/TANGO-ARGENTIN-A-MEDIA-LUZ-CHRISTINE-CAMINADE-LAURENT-DECHANTERAC-TOULOUSE-ROQUETTES-OCCITANIE-HAUTE-GARONNE-DANSE-SPECTABLE-BAL-MILONGAS-BUENOS-AIRES-ARGENTINE-69NB-300x199.jpg 300w, https:\/\/amedialuztango.com\/wp-content\/uploads\/2022\/08\/TANGO-ARGENTIN-A-MEDIA-LUZ-CHRISTINE-CAMINADE-LAURENT-DECHANTERAC-TOULOUSE-ROQUETTES-OCCITANIE-HAUTE-GARONNE-DANSE-SPECTABLE-BAL-MILONGAS-BUENOS-AIRES-ARGENTINE-69NB-768x508.jpg 768w\" sizes=\"100vw\" \/>\t\t\t\t\t\t\t\t\t\t\t\t\t\t\t<\/div>\n\t\t\t\t<\/div>\n\t\t\t\t\t<\/div>\n\t\t<\/div>\n\t\t\t\t\t<\/div>\n\t\t<\/section>\n\t\t\t\t<section class=\"elementor-section elementor-top-section elementor-element elementor-element-0213660 elementor-section-boxed elementor-section-height-default elementor-section-height-default\" data-id=\"0213660\" data-element_type=\"section\">\n\t\t\t\t\t\t<div class=\"elementor-container elementor-column-gap-default\">\n\t\t\t\t\t<div class=\"elementor-column elementor-col-100 elementor-top-column elementor-element elementor-element-91fe2b4\" data-id=\"91fe2b4\" data-element_type=\"column\">\n\t\t\t<div class=\"elementor-widget-wrap elementor-element-populated\">\n\t\t\t\t\t\t<div class=\"elementor-element elementor-element-5fbc1cc elementor-widget elementor-widget-spacer\" data-id=\"5fbc1cc\" data-element_type=\"widget\" data-widget_type=\"spacer.default\">\n\t\t\t\t<div class=\"elementor-widget-container\">\n\t\t\t\t\t\t\t<div class=\"elementor-spacer\">\n\t\t\t<div class=\"elementor-spacer-inner\"><\/div>\n\t\t<\/div>\n\t\t\t\t\t\t<\/div>\n\t\t\t\t<\/div>\n\t\t\t\t\t<\/div>\n\t\t<\/div>\n\t\t\t\t\t<\/div>\n\t\t<\/section>\n\t\t\t\t<\/div>\n\t\t","protected":false},"excerpt":{"rendered":"<p>Vous souhaitez des informations suppl\u00e9mentaires \u00e0 propos des cours de tango argentin \u00e0 Toulouse et Roquettes ou bien au sujet des milongas: n&rsquo;h\u00e9sitez pas \u00e0 remplir le formulaire ci-dessous ou bien \u00e0 nous contacter par t\u00e9l\u00e9phone ou par mail. 0677095911 christinecaminade@orange.fr christinecaminade@orange.fr Facebook<\/p>\n","protected":false},"author":1,"featured_media":0,"parent":0,"menu_order":0,"comment_status":"closed","ping_status":"closed","template":"","meta":{"footnotes":""},"class_list":["post-122","page","type-page","status-publish","hentry"],"yoast_head":"<!-- This site is optimized with the Yoast SEO plugin v24.7 - https:\/\/yoast.com\/wordpress\/plugins\/seo\/ -->\n<title>Contact compagnie A Media Luz Tango Argentin Toulouse<\/title>\n<meta name=\"description\" content=\"Contact de la compagnie A Media Luz Tango Argentin Toulouse et Roquettes. Obtenez des informations concernant les cours et les milongas.\" \/>\n<meta name=\"robots\" content=\"index, follow, max-snippet:-1, max-image-preview:large, max-video-preview:-1\" \/>\n<link rel=\"canonical\" href=\"https:\/\/amedialuztango.com\/index.php\/contact-a-media-luz-tango-argentin-toulouse-roquettes-danse\/\" \/>\n<meta property=\"og:locale\" content=\"fr_FR\" \/>\n<meta property=\"og:type\" content=\"article\" \/>\n<meta property=\"og:title\" content=\"Contact compagnie A Media Luz Tango Argentin Toulouse\" \/>\n<meta property=\"og:description\" content=\"Contact de la compagnie A Media Luz Tango Argentin Toulouse et Roquettes. Obtenez des informations concernant les cours et les milongas.\" \/>\n<meta property=\"og:url\" content=\"https:\/\/amedialuztango.com\/index.php\/contact-a-media-luz-tango-argentin-toulouse-roquettes-danse\/\" \/>\n<meta property=\"og:site_name\" content=\"A Media Luz\" \/>\n<meta property=\"article:publisher\" content=\"https:\/\/www.facebook.com\/amedialuztango\/?locale=fr_FR\" \/>\n<meta property=\"article:modified_time\" content=\"2025-03-25T09:27:54+00:00\" \/>\n<meta property=\"og:image\" content=\"https:\/\/amedialuztango.com\/wp-content\/uploads\/2022\/08\/cropped-LOGO-A-MEDIA-LUZ.jpg\" \/>\n\t<meta property=\"og:image:width\" content=\"554\" \/>\n\t<meta property=\"og:image:height\" content=\"1000\" \/>\n\t<meta property=\"og:image:type\" content=\"image\/jpeg\" \/>\n<meta name=\"twitter:card\" content=\"summary_large_image\" \/>\n<meta name=\"twitter:label1\" content=\"Dur\u00e9e de lecture estim\u00e9e\" \/>\n\t<meta name=\"twitter:data1\" content=\"1 minute\" \/>\n<script type=\"application\/ld+json\" class=\"yoast-schema-graph\">{\"@context\":\"https:\/\/schema.org\",\"@graph\":[{\"@type\":\"WebPage\",\"@id\":\"https:\/\/amedialuztango.com\/index.php\/contact-a-media-luz-tango-argentin-toulouse-roquettes-danse\/\",\"url\":\"https:\/\/amedialuztango.com\/index.php\/contact-a-media-luz-tango-argentin-toulouse-roquettes-danse\/\",\"name\":\"Contact compagnie A Media Luz Tango Argentin Toulouse\",\"isPartOf\":{\"@id\":\"https:\/\/amedialuztango.com\/#website\"},\"primaryImageOfPage\":{\"@id\":\"https:\/\/amedialuztango.com\/index.php\/contact-a-media-luz-tango-argentin-toulouse-roquettes-danse\/#primaryimage\"},\"image\":{\"@id\":\"https:\/\/amedialuztango.com\/index.php\/contact-a-media-luz-tango-argentin-toulouse-roquettes-danse\/#primaryimage\"},\"thumbnailUrl\":\"https:\/\/amedialuztango.com\/wp-content\/uploads\/2022\/08\/cropped-LOGO-A-MEDIA-LUZ.jpg\",\"datePublished\":\"2022-08-17T09:53:32+00:00\",\"dateModified\":\"2025-03-25T09:27:54+00:00\",\"description\":\"Contact de la compagnie A Media Luz Tango Argentin Toulouse et Roquettes. Obtenez des informations concernant les cours et les milongas.\",\"breadcrumb\":{\"@id\":\"https:\/\/amedialuztango.com\/index.php\/contact-a-media-luz-tango-argentin-toulouse-roquettes-danse\/#breadcrumb\"},\"inLanguage\":\"fr-FR\",\"potentialAction\":[{\"@type\":\"ReadAction\",\"target\":[\"https:\/\/amedialuztango.com\/index.php\/contact-a-media-luz-tango-argentin-toulouse-roquettes-danse\/\"]}]},{\"@type\":\"ImageObject\",\"inLanguage\":\"fr-FR\",\"@id\":\"https:\/\/amedialuztango.com\/index.php\/contact-a-media-luz-tango-argentin-toulouse-roquettes-danse\/#primaryimage\",\"url\":\"https:\/\/amedialuztango.com\/wp-content\/uploads\/2022\/08\/cropped-LOGO-A-MEDIA-LUZ.jpg\",\"contentUrl\":\"https:\/\/amedialuztango.com\/wp-content\/uploads\/2022\/08\/cropped-LOGO-A-MEDIA-LUZ.jpg\",\"width\":554,\"height\":1000},{\"@type\":\"BreadcrumbList\",\"@id\":\"https:\/\/amedialuztango.com\/index.php\/contact-a-media-luz-tango-argentin-toulouse-roquettes-danse\/#breadcrumb\",\"itemListElement\":[{\"@type\":\"ListItem\",\"position\":1,\"name\":\"Accueil\",\"item\":\"https:\/\/amedialuztango.com\/\"},{\"@type\":\"ListItem\",\"position\":2,\"name\":\"Contact\"}]},{\"@type\":\"WebSite\",\"@id\":\"https:\/\/amedialuztango.com\/#website\",\"url\":\"https:\/\/amedialuztango.com\/\",\"name\":\"A Media Luz\",\"description\":\"Tango Argentin Toulouse Roquettes\",\"publisher\":{\"@id\":\"https:\/\/amedialuztango.com\/#organization\"},\"potentialAction\":[{\"@type\":\"SearchAction\",\"target\":{\"@type\":\"EntryPoint\",\"urlTemplate\":\"https:\/\/amedialuztango.com\/?s={search_term_string}\"},\"query-input\":{\"@type\":\"PropertyValueSpecification\",\"valueRequired\":true,\"valueName\":\"search_term_string\"}}],\"inLanguage\":\"fr-FR\"},{\"@type\":\"Organization\",\"@id\":\"https:\/\/amedialuztango.com\/#organization\",\"name\":\"A Media Luz Tango\",\"url\":\"https:\/\/amedialuztango.com\/\",\"logo\":{\"@type\":\"ImageObject\",\"inLanguage\":\"fr-FR\",\"@id\":\"https:\/\/amedialuztango.com\/#\/schema\/logo\/image\/\",\"url\":\"https:\/\/amedialuztango.com\/wp-content\/uploads\/2023\/09\/LOGO-A-MEDIA-LUZ.jpg\",\"contentUrl\":\"https:\/\/amedialuztango.com\/wp-content\/uploads\/2023\/09\/LOGO-A-MEDIA-LUZ.jpg\",\"width\":554,\"height\":1000,\"caption\":\"A Media Luz Tango\"},\"image\":{\"@id\":\"https:\/\/amedialuztango.com\/#\/schema\/logo\/image\/\"},\"sameAs\":[\"https:\/\/www.facebook.com\/amedialuztango\/?locale=fr_FR\"]}]}<\/script>\n<!-- \/ Yoast SEO plugin. -->","yoast_head_json":{"title":"Contact compagnie A Media Luz Tango Argentin Toulouse","description":"Contact de la compagnie A Media Luz Tango Argentin Toulouse et Roquettes. Obtenez des informations concernant les cours et les milongas.","robots":{"index":"index","follow":"follow","max-snippet":"max-snippet:-1","max-image-preview":"max-image-preview:large","max-video-preview":"max-video-preview:-1"},"canonical":"https:\/\/amedialuztango.com\/index.php\/contact-a-media-luz-tango-argentin-toulouse-roquettes-danse\/","og_locale":"fr_FR","og_type":"article","og_title":"Contact compagnie A Media Luz Tango Argentin Toulouse","og_description":"Contact de la compagnie A Media Luz Tango Argentin Toulouse et Roquettes. Obtenez des informations concernant les cours et les milongas.","og_url":"https:\/\/amedialuztango.com\/index.php\/contact-a-media-luz-tango-argentin-toulouse-roquettes-danse\/","og_site_name":"A Media Luz","article_publisher":"https:\/\/www.facebook.com\/amedialuztango\/?locale=fr_FR","article_modified_time":"2025-03-25T09:27:54+00:00","og_image":[{"width":554,"height":1000,"url":"https:\/\/amedialuztango.com\/wp-content\/uploads\/2022\/08\/cropped-LOGO-A-MEDIA-LUZ.jpg","type":"image\/jpeg"}],"twitter_card":"summary_large_image","twitter_misc":{"Dur\u00e9e de lecture estim\u00e9e":"1 minute"},"schema":{"@context":"https:\/\/schema.org","@graph":[{"@type":"WebPage","@id":"https:\/\/amedialuztango.com\/index.php\/contact-a-media-luz-tango-argentin-toulouse-roquettes-danse\/","url":"https:\/\/amedialuztango.com\/index.php\/contact-a-media-luz-tango-argentin-toulouse-roquettes-danse\/","name":"Contact compagnie A Media Luz Tango Argentin Toulouse","isPartOf":{"@id":"https:\/\/amedialuztango.com\/#website"},"primaryImageOfPage":{"@id":"https:\/\/amedialuztango.com\/index.php\/contact-a-media-luz-tango-argentin-toulouse-roquettes-danse\/#primaryimage"},"image":{"@id":"https:\/\/amedialuztango.com\/index.php\/contact-a-media-luz-tango-argentin-toulouse-roquettes-danse\/#primaryimage"},"thumbnailUrl":"https:\/\/amedialuztango.com\/wp-content\/uploads\/2022\/08\/cropped-LOGO-A-MEDIA-LUZ.jpg","datePublished":"2022-08-17T09:53:32+00:00","dateModified":"2025-03-25T09:27:54+00:00","description":"Contact de la compagnie A Media Luz Tango Argentin Toulouse et Roquettes. Obtenez des informations concernant les cours et les milongas.","breadcrumb":{"@id":"https:\/\/amedialuztango.com\/index.php\/contact-a-media-luz-tango-argentin-toulouse-roquettes-danse\/#breadcrumb"},"inLanguage":"fr-FR","potentialAction":[{"@type":"ReadAction","target":["https:\/\/amedialuztango.com\/index.php\/contact-a-media-luz-tango-argentin-toulouse-roquettes-danse\/"]}]},{"@type":"ImageObject","inLanguage":"fr-FR","@id":"https:\/\/amedialuztango.com\/index.php\/contact-a-media-luz-tango-argentin-toulouse-roquettes-danse\/#primaryimage","url":"https:\/\/amedialuztango.com\/wp-content\/uploads\/2022\/08\/cropped-LOGO-A-MEDIA-LUZ.jpg","contentUrl":"https:\/\/amedialuztango.com\/wp-content\/uploads\/2022\/08\/cropped-LOGO-A-MEDIA-LUZ.jpg","width":554,"height":1000},{"@type":"BreadcrumbList","@id":"https:\/\/amedialuztango.com\/index.php\/contact-a-media-luz-tango-argentin-toulouse-roquettes-danse\/#breadcrumb","itemListElement":[{"@type":"ListItem","position":1,"name":"Accueil","item":"https:\/\/amedialuztango.com\/"},{"@type":"ListItem","position":2,"name":"Contact"}]},{"@type":"WebSite","@id":"https:\/\/amedialuztango.com\/#website","url":"https:\/\/amedialuztango.com\/","name":"A Media Luz","description":"Tango Argentin Toulouse Roquettes","publisher":{"@id":"https:\/\/amedialuztango.com\/#organization"},"potentialAction":[{"@type":"SearchAction","target":{"@type":"EntryPoint","urlTemplate":"https:\/\/amedialuztango.com\/?s={search_term_string}"},"query-input":{"@type":"PropertyValueSpecification","valueRequired":true,"valueName":"search_term_string"}}],"inLanguage":"fr-FR"},{"@type":"Organization","@id":"https:\/\/amedialuztango.com\/#organization","name":"A Media Luz Tango","url":"https:\/\/amedialuztango.com\/","logo":{"@type":"ImageObject","inLanguage":"fr-FR","@id":"https:\/\/amedialuztango.com\/#\/schema\/logo\/image\/","url":"https:\/\/amedialuztango.com\/wp-content\/uploads\/2023\/09\/LOGO-A-MEDIA-LUZ.jpg","contentUrl":"https:\/\/amedialuztango.com\/wp-content\/uploads\/2023\/09\/LOGO-A-MEDIA-LUZ.jpg","width":554,"height":1000,"caption":"A Media Luz Tango"},"image":{"@id":"https:\/\/amedialuztango.com\/#\/schema\/logo\/image\/"},"sameAs":["https:\/\/www.facebook.com\/amedialuztango\/?locale=fr_FR"]}]}},"_links":{"self":[{"href":"https:\/\/amedialuztango.com\/index.php\/wp-json\/wp\/v2\/pages\/122","targetHints":{"allow":["GET"]}}],"collection":[{"href":"https:\/\/amedialuztango.com\/index.php\/wp-json\/wp\/v2\/pages"}],"about":[{"href":"https:\/\/amedialuztango.com\/index.php\/wp-json\/wp\/v2\/types\/page"}],"author":[{"embeddable":true,"href":"https:\/\/amedialuztango.com\/index.php\/wp-json\/wp\/v2\/users\/1"}],"replies":[{"embeddable":true,"href":"https:\/\/amedialuztango.com\/index.php\/wp-json\/wp\/v2\/comments?post=122"}],"version-history":[{"count":65,"href":"https:\/\/amedialuztango.com\/index.php\/wp-json\/wp\/v2\/pages\/122\/revisions"}],"predecessor-version":[{"id":1128,"href":"https:\/\/amedialuztango.com\/index.php\/wp-json\/wp\/v2\/pages\/122\/revisions\/1128"}],"wp:attachment":[{"href":"https:\/\/amedialuztango.com\/index.php\/wp-json\/wp\/v2\/media?parent=122"}],"curies":[{"name":"wp","href":"https:\/\/api.w.org\/{rel}","templated":true}]}}